{"id":6527,"date":"2024-12-20T01:18:53","date_gmt":"2024-12-20T06:18:53","guid":{"rendered":"https:\/\/dff650c2c66fb09b3f337bf74e4a32c1\/politique-de-securite-2\/"},"modified":"2024-12-23T04:13:14","modified_gmt":"2024-12-23T09:13:14","slug":"politique-de-securite","status":"publish","type":"page","link":"https:\/\/www.ndexsystems.com\/fr\/politique-de-securite\/","title":{"rendered":"Politique de s\u00e9curit\u00e9"},"content":{"rendered":"\t\t<div data-elementor-type=\"wp-page\" data-elementor-id=\"6527\" class=\"elementor elementor-6527 elementor-6519\" data-elementor-post-type=\"page\">\n\t\t\t\t<div class=\"elementor-element elementor-element-f8ac07e e-flex e-con-boxed e-con e-parent\" data-id=\"f8ac07e\" data-element_type=\"container\" data-e-type=\"container\">\n\t\t\t\t\t<div class=\"e-con-inner\">\n\t\t\t\t<div class=\"elementor-element elementor-element-f12ece8 elementor-widget elementor-widget-heading\" data-id=\"f12ece8\" data-element_type=\"widget\" data-e-type=\"widget\" data-settings=\"{&quot;ekit_we_effect_on&quot;:&quot;none&quot;}\" data-widget_type=\"heading.default\">\n\t\t\t\t<div class=\"elementor-widget-container\">\n\t\t\t\t\t<h2 class=\"elementor-heading-title elementor-size-default\">Politique de s\u00e9curit\u00e9<\/h2>\t\t\t\t<\/div>\n\t\t\t\t<\/div>\n\t\t\t\t<div class=\"elementor-element elementor-element-096f20c elementor-widget elementor-widget-text-editor\" data-id=\"096f20c\" data-element_type=\"widget\" data-e-type=\"widget\" data-settings=\"{&quot;ekit_we_effect_on&quot;:&quot;none&quot;}\" data-widget_type=\"text-editor.default\">\n\t\t\t\t<div class=\"elementor-widget-container\">\n\t\t\t\t\t\t\t\t\t<p><\/p>\n<p style=\"text-align: left;\">Chez NDEX, la protection des donn\u00e9es des clients et le respect des normes les plus strictes en mati\u00e8re de confidentialit\u00e9 et de s\u00e9curit\u00e9 constituent la pierre angulaire de nos activit\u00e9s. Nous adh\u00e9rons strictement aux protocoles de la Commission des valeurs mobili\u00e8res de l&#8217;Ontario et du Commissaire \u00e0 la protection de la vie priv\u00e9e du Canada, y compris le respect int\u00e9gral de la Loi sur la protection des renseignements personnels et les documents \u00e9lectroniques (LPRPDE).<\/p>\n<p style=\"text-align: left;\"><strong>Certification SOC 2<\/strong><\/p>\n<p style=\"text-align: left;\">En d\u00e9cembre 2021, NDEX a re\u00e7u la certification SOC 2 de type 1 de Raymond Chabot Grant Thornton, refl\u00e9tant notre adh\u00e9sion \u00e0 des contr\u00f4les internes robustes en mati\u00e8re de s\u00e9curit\u00e9, de disponibilit\u00e9 et de confidentialit\u00e9. Nous sommes actuellement soumis \u00e0 l&#8217;audit SOC 2 de type 2, qui devrait s&#8217;achever \u00e0 la fin de l&#8217;ann\u00e9e 2025. Ce processus \u00e9value l&#8217;application coh\u00e9rente de ces contr\u00f4les au fil du temps, offrant une assurance suppl\u00e9mentaire \u00e0 nos clients quant \u00e0 la fiabilit\u00e9 et \u00e0 l&#8217;int\u00e9grit\u00e9 de nos syst\u00e8mes.<\/p>\n<p style=\"text-align: left;\"><strong>Test de p\u00e9n\u00e9tration<\/strong><\/p><p style=\"text-align: left;\"><strong><\/strong><span style=\"color: inherit; font-family: var(--e-global-typography-text-font-family); font-size: var(--font-size-paragraphs); font-weight: var(--e-global-typography-text-font-weight); letter-spacing: 0em;\">NDEX emploie OKIOK, une soci\u00e9t\u00e9 de s\u00e9curit\u00e9 externe tr\u00e8s r\u00e9put\u00e9e, pour effectuer r\u00e9guli\u00e8rement des tests de p\u00e9n\u00e9tration sur notre r\u00e9seau. Ces tests sont con\u00e7us pour simuler des cyberattaques r\u00e9elles, ce qui nous permet de rep\u00e9rer et de corriger toute vuln\u00e9rabilit\u00e9 de fa\u00e7on proactive. Cette approche rigoureuse garantit que notre r\u00e9seau reste prot\u00e9g\u00e9 contre les menaces en constante \u00e9volution.<\/span><\/p>\n<p style=\"text-align: left;\"><strong>Protocoles de s\u00e9curit\u00e9 approuv\u00e9s par les clients<\/strong><\/p><p style=\"text-align: left;\"><span style=\"color: inherit; font-family: var(--e-global-typography-text-font-family); font-size: var(--font-size-paragraphs); font-weight: var(--e-global-typography-text-font-weight); letter-spacing: 0em;\">Nos mesures de s\u00e9curit\u00e9 ont \u00e9t\u00e9 examin\u00e9es et approuv\u00e9es par certains des plus grands cabinets comptables du monde, ce qui confirme la solidit\u00e9 de nos proc\u00e9dures de s\u00e9curit\u00e9 des donn\u00e9es et de notre infrastructure de r\u00e9seau. Leur approbation souligne la confiance accord\u00e9e \u00e0 NDEX par certaines des organisations les plus exigeantes de l&#8217;industrie.<\/span><br><\/p>\n<p style=\"text-align: left;\"><strong>Garantie de traitement des donn\u00e9es canadiennes<\/strong><\/p><p style=\"text-align: left;\"><span style=\"color: inherit; font-family: var(--e-global-typography-text-font-family); font-size: var(--font-size-paragraphs); font-weight: var(--e-global-typography-text-font-weight); letter-spacing: 0em;\">Nous garantissons que tous les fichiers clients externalis\u00e9s seront trait\u00e9s exclusivement au Canada par nos employ\u00e9s form\u00e9s \u00e0 l&#8217;aide de notre application exclusive. Cet engagement assure la conformit\u00e9 avec les lois canadiennes sur la protection de la vie priv\u00e9e et donne \u00e0 nos clients l&#8217;assurance d&#8217;un traitement s\u00fbr et contr\u00f4l\u00e9 de leurs donn\u00e9es financi\u00e8res sensibles.<\/span><br><\/p>\n<p style=\"text-align: left;\">NDEX s&#8217;engage \u00e0 maintenir et \u00e0 am\u00e9liorer ces normes rigoureuses afin de prot\u00e9ger la confidentialit\u00e9, l&#8217;int\u00e9grit\u00e9 et la disponibilit\u00e9 des informations sur les clients. Pour de plus amples informations sur nos politiques de s\u00e9curit\u00e9 ou des questions connexes, veuillez contacter notre \u00e9quipe.<\/p>\t\t\t\t\t\t\t\t<\/div>\n\t\t\t\t<\/div>\n\t\t\t\t\t<\/div>\n\t\t\t\t<\/div>\n\t\t\t\t<\/div>\n\t\t","protected":false},"excerpt":{"rendered":"<p>Chez NDEX, la protection des donn\u00e9es des clients et le respect des normes les plus strictes en mati\u00e8re de confidentialit\u00e9 et de s\u00e9curit\u00e9 constituent la pierre angulaire de nos activit\u00e9s. Nous adh\u00e9rons strictement aux protocoles de la Commission des valeurs mobili\u00e8res de l&#8217;Ontario et du Commissaire \u00e0 la protection de la vie priv\u00e9e du Canada, [&hellip;]<\/p>\n","protected":false},"author":1,"featured_media":0,"parent":0,"menu_order":0,"comment_status":"closed","ping_status":"open","template":"","meta":{"_acf_changed":false,"footnotes":""},"class_list":["post-6527","page","type-page","status-publish","hentry"],"acf":[],"yoast_head":"<!-- This site is optimized with the Yoast SEO plugin v27.4 - https:\/\/yoast.com\/product\/yoast-seo-wordpress\/ -->\n<title>Politique de s\u00e9curit\u00e9 - NDEX<\/title>\n<meta name=\"robots\" content=\"index, follow, max-snippet:-1, max-image-preview:large, max-video-preview:-1\" \/>\n<link rel=\"canonical\" href=\"https:\/\/www.ndexsystems.com\/fr\/politique-de-securite\/\" \/>\n<meta property=\"og:locale\" content=\"fr_FR\" \/>\n<meta property=\"og:type\" content=\"article\" \/>\n<meta property=\"og:title\" content=\"Politique de s\u00e9curit\u00e9 - NDEX\" \/>\n<meta property=\"og:description\" content=\"Chez NDEX, la protection des donn\u00e9es des clients et le respect des normes les plus strictes en mati\u00e8re de confidentialit\u00e9 et de s\u00e9curit\u00e9 constituent la pierre angulaire de nos activit\u00e9s. Nous adh\u00e9rons strictement aux protocoles de la Commission des valeurs mobili\u00e8res de l&#8217;Ontario et du Commissaire \u00e0 la protection de la vie priv\u00e9e du Canada, [&hellip;]\" \/>\n<meta property=\"og:url\" content=\"https:\/\/www.ndexsystems.com\/fr\/politique-de-securite\/\" \/>\n<meta property=\"og:site_name\" content=\"NDEX\" \/>\n<meta property=\"article:modified_time\" content=\"2024-12-23T09:13:14+00:00\" \/>\n<meta name=\"twitter:card\" content=\"summary_large_image\" \/>\n<meta name=\"twitter:label1\" content=\"Dur\u00e9e de lecture estim\u00e9e\" \/>\n\t<meta name=\"twitter:data1\" content=\"2 minutes\" \/>\n<script type=\"application\/ld+json\" class=\"yoast-schema-graph\">{\"@context\":\"https:\\\/\\\/schema.org\",\"@graph\":[{\"@type\":\"WebPage\",\"@id\":\"https:\\\/\\\/www.ndexsystems.com\\\/fr\\\/politique-de-securite\\\/\",\"url\":\"https:\\\/\\\/www.ndexsystems.com\\\/fr\\\/politique-de-securite\\\/\",\"name\":\"Politique de s\u00e9curit\u00e9 - NDEX\",\"isPartOf\":{\"@id\":\"https:\\\/\\\/www.ndexsystems.com\\\/fr\\\/#website\"},\"datePublished\":\"2024-12-20T06:18:53+00:00\",\"dateModified\":\"2024-12-23T09:13:14+00:00\",\"breadcrumb\":{\"@id\":\"https:\\\/\\\/www.ndexsystems.com\\\/fr\\\/politique-de-securite\\\/#breadcrumb\"},\"inLanguage\":\"fr-FR\",\"potentialAction\":[{\"@type\":\"ReadAction\",\"target\":[\"https:\\\/\\\/www.ndexsystems.com\\\/fr\\\/politique-de-securite\\\/\"]}]},{\"@type\":\"BreadcrumbList\",\"@id\":\"https:\\\/\\\/www.ndexsystems.com\\\/fr\\\/politique-de-securite\\\/#breadcrumb\",\"itemListElement\":[{\"@type\":\"ListItem\",\"position\":1,\"name\":\"Home\",\"item\":\"https:\\\/\\\/www.ndexsystems.com\\\/fr\\\/\"},{\"@type\":\"ListItem\",\"position\":2,\"name\":\"Politique de s\u00e9curit\u00e9\"}]},{\"@type\":\"WebSite\",\"@id\":\"https:\\\/\\\/www.ndexsystems.com\\\/fr\\\/#website\",\"url\":\"https:\\\/\\\/www.ndexsystems.com\\\/fr\\\/\",\"name\":\"NDEX Systems\",\"description\":\"NDEX | Dedicated to Your Success\",\"publisher\":{\"@id\":\"https:\\\/\\\/www.ndexsystems.com\\\/fr\\\/#organization\"},\"potentialAction\":[{\"@type\":\"SearchAction\",\"target\":{\"@type\":\"EntryPoint\",\"urlTemplate\":\"https:\\\/\\\/www.ndexsystems.com\\\/fr\\\/?s={search_term_string}\"},\"query-input\":{\"@type\":\"PropertyValueSpecification\",\"valueRequired\":true,\"valueName\":\"search_term_string\"}}],\"inLanguage\":\"fr-FR\"},{\"@type\":\"Organization\",\"@id\":\"https:\\\/\\\/www.ndexsystems.com\\\/fr\\\/#organization\",\"name\":\"NDEX\",\"url\":\"https:\\\/\\\/www.ndexsystems.com\\\/fr\\\/\",\"logo\":{\"@type\":\"ImageObject\",\"inLanguage\":\"fr-FR\",\"@id\":\"https:\\\/\\\/www.ndexsystems.com\\\/fr\\\/#\\\/schema\\\/logo\\\/image\\\/\",\"url\":\"https:\\\/\\\/staging.www.ndexsystems.com\\\/wp-content\\\/uploads\\\/2024\\\/05\\\/ndex-limg.png\",\"contentUrl\":\"https:\\\/\\\/staging.www.ndexsystems.com\\\/wp-content\\\/uploads\\\/2024\\\/05\\\/ndex-limg.png\",\"width\":1170,\"height\":555,\"caption\":\"NDEX\"},\"image\":{\"@id\":\"https:\\\/\\\/www.ndexsystems.com\\\/fr\\\/#\\\/schema\\\/logo\\\/image\\\/\"}}]}<\/script>\n<!-- \/ Yoast SEO plugin. -->","yoast_head_json":{"title":"Politique de s\u00e9curit\u00e9 - NDEX","robots":{"index":"index","follow":"follow","max-snippet":"max-snippet:-1","max-image-preview":"max-image-preview:large","max-video-preview":"max-video-preview:-1"},"canonical":"https:\/\/www.ndexsystems.com\/fr\/politique-de-securite\/","og_locale":"fr_FR","og_type":"article","og_title":"Politique de s\u00e9curit\u00e9 - NDEX","og_description":"Chez NDEX, la protection des donn\u00e9es des clients et le respect des normes les plus strictes en mati\u00e8re de confidentialit\u00e9 et de s\u00e9curit\u00e9 constituent la pierre angulaire de nos activit\u00e9s. Nous adh\u00e9rons strictement aux protocoles de la Commission des valeurs mobili\u00e8res de l&#8217;Ontario et du Commissaire \u00e0 la protection de la vie priv\u00e9e du Canada, [&hellip;]","og_url":"https:\/\/www.ndexsystems.com\/fr\/politique-de-securite\/","og_site_name":"NDEX","article_modified_time":"2024-12-23T09:13:14+00:00","twitter_card":"summary_large_image","twitter_misc":{"Dur\u00e9e de lecture estim\u00e9e":"2 minutes"},"schema":{"@context":"https:\/\/schema.org","@graph":[{"@type":"WebPage","@id":"https:\/\/www.ndexsystems.com\/fr\/politique-de-securite\/","url":"https:\/\/www.ndexsystems.com\/fr\/politique-de-securite\/","name":"Politique de s\u00e9curit\u00e9 - NDEX","isPartOf":{"@id":"https:\/\/www.ndexsystems.com\/fr\/#website"},"datePublished":"2024-12-20T06:18:53+00:00","dateModified":"2024-12-23T09:13:14+00:00","breadcrumb":{"@id":"https:\/\/www.ndexsystems.com\/fr\/politique-de-securite\/#breadcrumb"},"inLanguage":"fr-FR","potentialAction":[{"@type":"ReadAction","target":["https:\/\/www.ndexsystems.com\/fr\/politique-de-securite\/"]}]},{"@type":"BreadcrumbList","@id":"https:\/\/www.ndexsystems.com\/fr\/politique-de-securite\/#breadcrumb","itemListElement":[{"@type":"ListItem","position":1,"name":"Home","item":"https:\/\/www.ndexsystems.com\/fr\/"},{"@type":"ListItem","position":2,"name":"Politique de s\u00e9curit\u00e9"}]},{"@type":"WebSite","@id":"https:\/\/www.ndexsystems.com\/fr\/#website","url":"https:\/\/www.ndexsystems.com\/fr\/","name":"NDEX Systems","description":"NDEX | Dedicated to Your Success","publisher":{"@id":"https:\/\/www.ndexsystems.com\/fr\/#organization"},"potentialAction":[{"@type":"SearchAction","target":{"@type":"EntryPoint","urlTemplate":"https:\/\/www.ndexsystems.com\/fr\/?s={search_term_string}"},"query-input":{"@type":"PropertyValueSpecification","valueRequired":true,"valueName":"search_term_string"}}],"inLanguage":"fr-FR"},{"@type":"Organization","@id":"https:\/\/www.ndexsystems.com\/fr\/#organization","name":"NDEX","url":"https:\/\/www.ndexsystems.com\/fr\/","logo":{"@type":"ImageObject","inLanguage":"fr-FR","@id":"https:\/\/www.ndexsystems.com\/fr\/#\/schema\/logo\/image\/","url":"https:\/\/staging.www.ndexsystems.com\/wp-content\/uploads\/2024\/05\/ndex-limg.png","contentUrl":"https:\/\/staging.www.ndexsystems.com\/wp-content\/uploads\/2024\/05\/ndex-limg.png","width":1170,"height":555,"caption":"NDEX"},"image":{"@id":"https:\/\/www.ndexsystems.com\/fr\/#\/schema\/logo\/image\/"}}]}},"_links":{"self":[{"href":"https:\/\/www.ndexsystems.com\/fr\/wp-json\/wp\/v2\/pages\/6527","targetHints":{"allow":["GET"]}}],"collection":[{"href":"https:\/\/www.ndexsystems.com\/fr\/wp-json\/wp\/v2\/pages"}],"about":[{"href":"https:\/\/www.ndexsystems.com\/fr\/wp-json\/wp\/v2\/types\/page"}],"author":[{"embeddable":true,"href":"https:\/\/www.ndexsystems.com\/fr\/wp-json\/wp\/v2\/users\/1"}],"replies":[{"embeddable":true,"href":"https:\/\/www.ndexsystems.com\/fr\/wp-json\/wp\/v2\/comments?post=6527"}],"version-history":[{"count":0,"href":"https:\/\/www.ndexsystems.com\/fr\/wp-json\/wp\/v2\/pages\/6527\/revisions"}],"wp:attachment":[{"href":"https:\/\/www.ndexsystems.com\/fr\/wp-json\/wp\/v2\/media?parent=6527"}],"curies":[{"name":"wp","href":"https:\/\/api.w.org\/{rel}","templated":true}]}}